{"id":795,"date":"2017-12-22T20:57:25","date_gmt":"2017-12-22T19:57:25","guid":{"rendered":"http:\/\/leib-bindung-identitaet.org\/?page_id=795"},"modified":"2017-12-22T20:57:25","modified_gmt":"2017-12-22T19:57:25","slug":"resilienzorientierte-sexualpaedagogik","status":"publish","type":"page","link":"http:\/\/leib-bindung-identitaet.org\/en\/resilienzorientierte-sexualpaedagogik\/","title":{"rendered":"Resilienzorientierte Sexualp\u00e4dagogik"},"content":{"rendered":"<p>Durch die \u201etransdisziplin\u00e4re Praxis\u201c wird ein umfassendes Verstehen der Sexualit\u00e4t erm\u00f6glicht. Sie wird auf der Ebene der Biologie, der Psychologie und Soziologie und der Ebene von Philosophie, Theologie und Ethik transparent. Zugleich wird dadurch der Weg f\u00fcr eine gesundheitsf\u00f6rdernde (resilienzorientierte) Sexualp\u00e4dagogik er\u00f6ffnet. So geht man in der Resilienzforschung davon aus, dass Menschen dann die f\u00f6rderlichsten Entscheidungen f\u00fcr ihr Leben treffen k\u00f6nnen, wenn sie die Herausforderung verstehen, vor die sie das Leben stellt; wenn sie f\u00fcr diese Herausforderung eine gelingende L\u00f6sung erarbeiten k\u00f6nnen und wenn sie einen Sinn darin sehen, die L\u00f6sung anzustreben. <\/p>\n<p>Letztlich ist der Mensch mit seiner Sexualit\u00e4t immer wieder vor Lebensherausforderungen gestellt. So sieht sich der  junge Mensch heute zum Beispiel gegen\u00fcber vieler sexueller Angebote aus dem Bereich der Medien. Sie sprechen in ihm verschiedene Bed\u00fcrfnisse an, die er vielleicht in Bezug auf seine Geschlechtlichkeit, auf das Wie oder Was der Sexualit\u00e4t in sich tr\u00e4gt. Will der Jugendliche in einer solchen Situation eine verantwortliche und bewusste Entscheidung treffen, so muss er sein Bed\u00fcrfnis und seine Sexualit\u00e4t verstehen, er muss aus dem, was er versteht, zu einer L\u00f6sung finden und er muss der L\u00f6sung einen Sinn beimessen, denn sonst folgt er ihr nicht. <\/p>\n<p>Man kann daher sagen: Je besser ein junger Mensch seine Sexualit\u00e4t im Kontext von Biologie und Psychologie versteht und je mehr er f\u00fcr seine Sexualit\u00e4t eine Sinnperspektive aus Philosophie und Theologie erarbeitet hat, desto eher ist ihm ein selbstverantwortetes Handeln im Bereich seiner Sexualit\u00e4t m\u00f6glich. <\/p>\n<p>Was wir im Studiengang vermitteln: Im Studiengang wird die Entwicklung einer resilienzorientierten Sexualp\u00e4dagogik didaktisch und methodisch einge\u00fcbt. Dies geschieht entlang von F\u00e4llen aus der Praxis und durch konkrete Reflexion eigener sexualp\u00e4dagogischer Praxis. <\/p>\n","protected":false},"excerpt":{"rendered":"<p>Durch die \u201etransdisziplin\u00e4re Praxis\u201c wird ein umfassendes Verstehen der Sexualit\u00e4t erm\u00f6glicht. Sie wird auf der Ebene der Biologie, der Psychologie und Soziologie und der Ebene von Philosophie, Theologie und Ethik transparent. Zugleich wird dadurch der Weg f\u00fcr eine gesundheitsf\u00f6rdernde (resilienzorientierte) Sexualp\u00e4dagogik er\u00f6ffnet. So geht man in der Resilienzforschung davon aus, dass Menschen dann die f\u00f6rderlichsten [&hellip;]<\/p>\n","protected":false},"author":1,"featured_media":0,"parent":0,"menu_order":0,"comment_status":"closed","ping_status":"closed","template":"","meta":{"footnotes":""},"_links":{"self":[{"href":"http:\/\/leib-bindung-identitaet.org\/en\/wp-json\/wp\/v2\/pages\/795"}],"collection":[{"href":"http:\/\/leib-bindung-identitaet.org\/en\/wp-json\/wp\/v2\/pages"}],"about":[{"href":"http:\/\/leib-bindung-identitaet.org\/en\/wp-json\/wp\/v2\/types\/page"}],"author":[{"embeddable":true,"href":"http:\/\/leib-bindung-identitaet.org\/en\/wp-json\/wp\/v2\/users\/1"}],"replies":[{"embeddable":true,"href":"http:\/\/leib-bindung-identitaet.org\/en\/wp-json\/wp\/v2\/comments?post=795"}],"version-history":[{"count":1,"href":"http:\/\/leib-bindung-identitaet.org\/en\/wp-json\/wp\/v2\/pages\/795\/revisions"}],"predecessor-version":[{"id":796,"href":"http:\/\/leib-bindung-identitaet.org\/en\/wp-json\/wp\/v2\/pages\/795\/revisions\/796"}],"wp:attachment":[{"href":"http:\/\/leib-bindung-identitaet.org\/en\/wp-json\/wp\/v2\/media?parent=795"}],"curies":[{"name":"wp","href":"https:\/\/api.w.org\/{rel}","templated":true}]}}